{"id":368,"date":"2019-06-05T12:43:04","date_gmt":"2019-06-05T15:43:04","guid":{"rendered":"https:\/\/nathanconsulting.com.br\/revisao-reestruturacao-e-implantacao-de-um-processo-integrado-de-controladoria-inclusiva-e-de-gestao-financeira\/"},"modified":"2019-06-27T18:23:53","modified_gmt":"2019-06-27T21:23:53","slug":"revision-reestructuracion-e-implementacion-de-un-proceso-integrado-de-control-de-gestion-inclusivo-y-de-gestion-financiera","status":"publish","type":"page","link":"https:\/\/nathanconsulting.com.br\/es\/revision-reestructuracion-e-implementacion-de-un-proceso-integrado-de-control-de-gestion-inclusivo-y-de-gestion-financiera\/","title":{"rendered":"Revisi\u00f3n, Reestructuraci\u00f3n e Implementaci\u00f3n de un Proceso Integrado de Control de Gesti\u00f3n Inclusivo y de Gesti\u00f3n Financiera"},"content":{"rendered":"","protected":false},"excerpt":{"rendered":"","protected":false},"author":1,"featured_media":0,"parent":0,"menu_order":0,"comment_status":"closed","ping_status":"closed","template":"","meta":{"footnotes":""},"class_list":["post-368","page","type-page","status-publish","hentry"],"_links":{"self":[{"href":"https:\/\/nathanconsulting.com.br\/es\/wp-json\/wp\/v2\/pages\/368","targetHints":{"allow":["GET"]}}],"collection":[{"href":"https:\/\/nathanconsulting.com.br\/es\/wp-json\/wp\/v2\/pages"}],"about":[{"href":"https:\/\/nathanconsulting.com.br\/es\/wp-json\/wp\/v2\/types\/page"}],"author":[{"embeddable":true,"href":"https:\/\/nathanconsulting.com.br\/es\/wp-json\/wp\/v2\/users\/1"}],"replies":[{"embeddable":true,"href":"https:\/\/nathanconsulting.com.br\/es\/wp-json\/wp\/v2\/comments?post=368"}],"version-history":[{"count":4,"href":"https:\/\/nathanconsulting.com.br\/es\/wp-json\/wp\/v2\/pages\/368\/revisions"}],"predecessor-version":[{"id":537,"href":"https:\/\/nathanconsulting.com.br\/es\/wp-json\/wp\/v2\/pages\/368\/revisions\/537"}],"wp:attachment":[{"href":"https:\/\/nathanconsulting.com.br\/es\/wp-json\/wp\/v2\/media?parent=368"}],"curies":[{"name":"wp","href":"https:\/\/api.w.org\/{rel}","templated":true}]}}